{"id":32,"date":"2019-04-09T15:05:26","date_gmt":"2019-04-09T15:05:26","guid":{"rendered":"http:\/\/forsthausbreitenstein.de\/?page_id=32"},"modified":"2026-04-14T16:16:12","modified_gmt":"2026-04-14T16:16:12","slug":"home","status":"publish","type":"page","link":"https:\/\/forsthausbreitenstein.de\/","title":{"rendered":"Herzlich Willkommen!"},"content":{"rendered":"\n<p><strong>Liebe G\u00e4ste, <\/strong><\/p>\n<p style=\"text-align: justify;\"><strong>genie\u00dfen Sie unsere ausgesuchten Speisen und Getr\u00e4nke in unserem idyllischen Biergarten inmitten der Natur. <\/strong><strong>Wir bieten Ihnen ausgesuchte Weine sowie Pils, Hefeweizen und Andechser Bier vom Fass.\u00a0 <\/strong><strong>Neben einer gutb\u00fcrgerlichen K\u00fcche mit Schnitzeln und Pf\u00e4lzer Spezialit\u00e4ten bieten wir Ihnen auch Fischgerichte, hausgemachte Salate, vegetarische sowie <\/strong><strong>vegane Gerichte an. Unsere Kuchen backen wir auch selbst. <\/strong><\/p>\n<p>Unsere K\u00fcche ist durchgehend f\u00fcr sie ge\u00f6ffnet.<\/p>\n<p><span style=\"text-decoration: underline;\"><strong>Beachten sie bitte, dass wir aus technischen Gr\u00fcnden leider nur Barzahlungen akzeptieren k\u00f6nnen!<\/strong><\/span><\/p>\n\n\n\n<p><strong>Bitte beachten sie unsere ge\u00e4nderten<\/strong>\u00a0<a href=\"https:\/\/forsthausbreitenstein.de\/?page_id=52\"><strong><span style=\"text-decoration: underline;\">\u00d6ffnungszeiten<\/span><\/strong><\/a><\/p>\n<p><strong><span style=\"text-decoration: underline;\">Aktuell:<\/span><\/strong> Zus\u00e4tzlich haben wir am 1.5, 15.5, 25.5 und am 5.6 f\u00fcr sie ge\u00f6ffnet!<\/p>\n<p><em><strong>Haben sie bitte Verst\u00e4ndnis daf\u00fcr, dass der Verzehr von mitgebrachten Speisen und Getr\u00e4nken nicht erw\u00fcnscht ist!<\/strong><\/em><\/p>\n<p><strong>Ihre Familie Bormann und das Team vom Forsthaus Breitenstein<\/strong><\/p>\n\n\n\n\n","protected":false},"excerpt":{"rendered":"<p>Liebe G\u00e4ste, genie\u00dfen Sie unsere ausgesuchten Speisen und Getr\u00e4nke in unserem idyllischen Biergarten inmitten der Natur. Wir bieten Ihnen ausgesuchte Weine sowie Pils, Hefeweizen und Andechser Bier vom Fass.\u00a0 Neben einer gutb\u00fcrgerlichen K\u00fcche mit Schnitzeln und Pf\u00e4lzer Spezialit\u00e4ten bieten wir Ihnen auch Fischgerichte, hausgemachte Salate, vegetarische sowie vegane Gerichte an. Unsere Kuchen backen wir auch [&hellip;]<\/p>\n","protected":false},"author":2,"featured_media":0,"parent":0,"menu_order":0,"comment_status":"closed","ping_status":"closed","template":"","meta":{"footnotes":""},"class_list":["post-32","page","type-page","status-publish","hentry","post-preview"],"_links":{"self":[{"href":"https:\/\/forsthausbreitenstein.de\/index.php?rest_route=\/wp\/v2\/pages\/32","targetHints":{"allow":["GET"]}}],"collection":[{"href":"https:\/\/forsthausbreitenstein.de\/index.php?rest_route=\/wp\/v2\/pages"}],"about":[{"href":"https:\/\/forsthausbreitenstein.de\/index.php?rest_route=\/wp\/v2\/types\/page"}],"author":[{"embeddable":true,"href":"https:\/\/forsthausbreitenstein.de\/index.php?rest_route=\/wp\/v2\/users\/2"}],"replies":[{"embeddable":true,"href":"https:\/\/forsthausbreitenstein.de\/index.php?rest_route=%2Fwp%2Fv2%2Fcomments&post=32"}],"version-history":[{"count":284,"href":"https:\/\/forsthausbreitenstein.de\/index.php?rest_route=\/wp\/v2\/pages\/32\/revisions"}],"predecessor-version":[{"id":752,"href":"https:\/\/forsthausbreitenstein.de\/index.php?rest_route=\/wp\/v2\/pages\/32\/revisions\/752"}],"wp:attachment":[{"href":"https:\/\/forsthausbreitenstein.de\/index.php?rest_route=%2Fwp%2Fv2%2Fmedia&parent=32"}],"curies":[{"name":"wp","href":"https:\/\/api.w.org\/{rel}","templated":true}]}}