{"id":59,"date":"2019-04-09T16:10:00","date_gmt":"2019-04-09T16:10:00","guid":{"rendered":"http:\/\/forsthausbreitenstein.de\/?page_id=59"},"modified":"2024-12-27T05:27:06","modified_gmt":"2024-12-27T05:27:06","slug":"wander-und-freizeitvorschlaege","status":"publish","type":"page","link":"https:\/\/forsthausbreitenstein.de\/?page_id=59","title":{"rendered":"Wander- und Freizeitvorschl\u00e4ge"},"content":{"rendered":"\n<p><a rel=\"noreferrer noopener\" aria-label=\"Der 3-Burgen Rundweg (\u00f6ffnet in neuem Tab)\" href=\"https:\/\/www.outdooractive.com\/de\/route\/wanderung\/pfalz\/erfenstein-drei-burgen-rundweg-\/1482876\/\" target=\"_blank\">Der 3-Burgen Rundweg<\/a> f\u00fchrt von der Burgruine Breitenstein \u00fcber die Ruine Erfenstein und die Burg Spangenberg zur\u00fcck zu uns. G\u00f6nnen Sie sich als Pilger auf dem Jakobsweg eine Pause bei einer z\u00fcnftigen Brotzeit auf unserer Terrasse oder  in unserer gem\u00fctlichen Gaststube. Eisenbahnfreunde gelangen von Neustadt Weinstra\u00dfe aus mit der historischen <a href=\"http:\/\/www.eisenbahnmuseum-neustadt.de\/k_preis.html\" target=\"_blank\" rel=\"noreferrer noopener\" aria-label=\" (\u00f6ffnet in neuem Tab)\">Museumsbahn Kuckucksb\u00e4hnel<\/a> zu uns und haben die Gelegenheit zu Schnappsch\u00fcssen von der Einfahrt der &#8222;Speyerbach&#8220; oder einer preussischen T3. <a rel=\"noreferrer noopener\" aria-label=\" (\u00f6ffnet in neuem Tab)\" href=\"https:\/\/www.mountainbikepark-pfaelzerwald.de\/touren\/tour-5.html\" target=\"_blank\">Mountainbiker finden uns auf der Strecke von Tour 5<\/a> durch den &#8222;Mountainbikepark Pf\u00e4lzer Wald&#8220; und k\u00f6nnen bei uns &#8222;Auftanken&#8220;<\/p>\n","protected":false},"excerpt":{"rendered":"<p>Der 3-Burgen Rundweg f\u00fchrt von der Burgruine Breitenstein \u00fcber die Ruine Erfenstein und die Burg Spangenberg zur\u00fcck zu uns. G\u00f6nnen Sie sich als Pilger auf dem Jakobsweg eine Pause bei einer z\u00fcnftigen Brotzeit auf unserer Terrasse oder in unserer gem\u00fctlichen Gaststube. Eisenbahnfreunde gelangen von Neustadt Weinstra\u00dfe aus mit der historischen Museumsbahn Kuckucksb\u00e4hnel zu uns und [&hellip;]<\/p>\n","protected":false},"author":2,"featured_media":0,"parent":0,"menu_order":1,"comment_status":"closed","ping_status":"closed","template":"","meta":{"footnotes":""},"class_list":["post-59","page","type-page","status-publish","hentry","post-preview"],"_links":{"self":[{"href":"https:\/\/forsthausbreitenstein.de\/index.php?rest_route=\/wp\/v2\/pages\/59","targetHints":{"allow":["GET"]}}],"collection":[{"href":"https:\/\/forsthausbreitenstein.de\/index.php?rest_route=\/wp\/v2\/pages"}],"about":[{"href":"https:\/\/forsthausbreitenstein.de\/index.php?rest_route=\/wp\/v2\/types\/page"}],"author":[{"embeddable":true,"href":"https:\/\/forsthausbreitenstein.de\/index.php?rest_route=\/wp\/v2\/users\/2"}],"replies":[{"embeddable":true,"href":"https:\/\/forsthausbreitenstein.de\/index.php?rest_route=%2Fwp%2Fv2%2Fcomments&post=59"}],"version-history":[{"count":11,"href":"https:\/\/forsthausbreitenstein.de\/index.php?rest_route=\/wp\/v2\/pages\/59\/revisions"}],"predecessor-version":[{"id":128,"href":"https:\/\/forsthausbreitenstein.de\/index.php?rest_route=\/wp\/v2\/pages\/59\/revisions\/128"}],"wp:attachment":[{"href":"https:\/\/forsthausbreitenstein.de\/index.php?rest_route=%2Fwp%2Fv2%2Fmedia&parent=59"}],"curies":[{"name":"wp","href":"https:\/\/api.w.org\/{rel}","templated":true}]}}