{"id":92,"date":"2019-04-09T18:23:43","date_gmt":"2019-04-09T18:23:43","guid":{"rendered":"http:\/\/forsthausbreitenstein.de\/?page_id=92"},"modified":"2024-12-27T05:25:56","modified_gmt":"2024-12-27T05:25:56","slug":"gaestebuch","status":"publish","type":"page","link":"https:\/\/forsthausbreitenstein.de\/?page_id=92","title":{"rendered":"G\u00e4stebuch"},"content":{"rendered":"<div class=\"gwolle-gb\"><div class=\"gwolle-gb-messages-top-container\"><\/div>\n\t\t\t<div class=\"gwolle-gb-write-button\">\n\t\t\t\t<input type=\"button\" name=\"gwolle-gb-write-button\" class=\"button btn btn-default \" value=\"Neuen Eintrag schreiben\" aria-expanded=\"false\" \/>\n\t\t\t<\/div>\n\t\t\t<form action=\"#\" method=\"POST\" class=\"gwolle-gb-write gwolle-gb-hide gwolle-gb-float gwolle-gb-form-ajax gwolle-gb-ajax gwolle-gb-not-logged-in\">\n\t\t\t\t<h3>Einen neuen Eintrag f\u00fcr das G\u00e4stebuch schreiben<\/h3>\n\t\t\t\t<button type=\"button\" class=\"gb-notice-dismiss\">x<span class=\"screen-reader-text\">Dieses Formular ausblenden<\/span><\/button>\n\t\t\t\n\t\t\t\t<input type=\"hidden\" name=\"gwolle_gb_function\" class=\"gwolle_gb_function\" value=\"add_entry\" \/><input type=\"hidden\" name=\"gwolle_gb_book_id\" class=\"gwolle_gb_book_id\" value=\"1\" \/><div class=\"gwolle_gb_1d47cc6f730c4308b02487084625292a\">\n\t\t\t\t<div class=\"label\"><label for=\"gwolle_gb_1d47cc6f730c4308b02487084625292a-1\" class=\"text-info\">Name <span class=\"required\">*<\/span><\/label><\/div>\n\t\t\t\t<div class=\"input\"><input class=\"wp-exclude-emoji gwolle_gb_1d47cc6f730c4308b02487084625292a\" value=\"\" type=\"text\" id=\"gwolle_gb_1d47cc6f730c4308b02487084625292a-1\" name=\"gwolle_gb_1d47cc6f730c4308b02487084625292a\" required \/><\/div>\n\t\t\t\t<div class=\"clearBoth\">&nbsp;<\/div>\n\t\t\t<\/div><div class=\"gwolle_gb_0f5b6dbbdbb155802a17de9973cc0ad3\">\n\t\t\t\t\t<div class=\"label\"><label for=\"gwolle_gb_0f5b6dbbdbb155802a17de9973cc0ad3-1\" class=\"text-info\">Stadt<\/label><\/div>\n\t\t\t\t\t<div class=\"input\"><input class=\"wp-exclude-emoji gwolle_gb_0f5b6dbbdbb155802a17de9973cc0ad3\" value=\"\" type=\"text\" id=\"gwolle_gb_0f5b6dbbdbb155802a17de9973cc0ad3-1\" name=\"gwolle_gb_0f5b6dbbdbb155802a17de9973cc0ad3\" \/><\/div>\n\t\t\t\t\t<div class=\"clearBoth\">&nbsp;<\/div>\n\t\t\t\t<\/div><div class=\"gwolle_gb_0da961a4b1b954e6c627ba770efa6c69\">\n\t\t\t\t<div class=\"label\"><label for=\"gwolle_gb_0da961a4b1b954e6c627ba770efa6c69-1\" class=\"text-info\">E-Mail <span class=\"required\">*<\/span><\/label><\/div>\n\t\t\t\t<div class=\"input\"><input class=\"gwolle_gb_0da961a4b1b954e6c627ba770efa6c69\" value=\"\" type=\"email\" id=\"gwolle_gb_0da961a4b1b954e6c627ba770efa6c69-1\" name=\"gwolle_gb_0da961a4b1b954e6c627ba770efa6c69\" required \/><\/div>\n\t\t\t\t<div class=\"clearBoth\">&nbsp;<\/div>\n\t\t\t<\/div><div class=\"gwolle_gb_6221d5b3aa8f182299e5de6c40b932e9\">\n\t\t\t\t<div class=\"label\"><label for=\"gwolle_gb_6221d5b3aa8f182299e5de6c40b932e9-1\" class=\"text-info\">Website<\/label><\/div>\n\t\t\t\t<div class=\"input\"><input class=\"gwolle_gb_6221d5b3aa8f182299e5de6c40b932e9\" value=\"\" type=\"url\" id=\"gwolle_gb_6221d5b3aa8f182299e5de6c40b932e9-1\" name=\"gwolle_gb_6221d5b3aa8f182299e5de6c40b932e9\" \/><\/div>\n\t\t\t\t<div class=\"clearBoth\">&nbsp;<\/div>\n\t\t\t<\/div>\n\t\t\t<div class=\"gwolle_gb_e8aefd8edec27fda3493775f28ff5154\" style=\"display:none;overflow:hidden;\" hidden=\"true\" aria-hidden=\"true\">\n\t\t\t\t<div class=\"label\">\n\t\t\t\t\t<label for=\"gwolle_gb_e8aefd8edec27fda3493775f28ff5154-1\" class=\"text-primary\">Hier nichts eingeben<\/label>\n\t\t\t\t\t<label for=\"gwolle_gb_9fad221eee33e6f19ebef3f4aadb523a-1\" class=\"text-primary\">Hier nichts eingeben<\/label>\n\t\t\t\t<\/div>\n\t\t\t\t<div class=\"input\">\n\t\t\t\t\t<input value=\"75\" type=\"text\" id=\"gwolle_gb_e8aefd8edec27fda3493775f28ff5154-1\" name=\"gwolle_gb_e8aefd8edec27fda3493775f28ff5154\" class=\"gwolle_gb_e8aefd8edec27fda3493775f28ff5154\" style=\"transform: translateY(10000px);\" \/>\n\t\t\t\t\t<input value=\"\" type=\"text\" name=\"gwolle_gb_9fad221eee33e6f19ebef3f4aadb523a\" id=\"gwolle_gb_9fad221eee33e6f19ebef3f4aadb523a-1\" class=\"gwolle_gb_9fad221eee33e6f19ebef3f4aadb523a\" style=\"transform: translateY(10000px);\" \/>\n\t\t\t\t<\/div>\n\t\t\t\t<div class=\"clearBoth\"><\/div>\n\t\t\t<\/div>\n\t\t\t<div class=\"gwolle_gb_ad3a890c4d47b08ae723c7c87c386ea4\" style=\"display:none;overflow:hidden;\" hidden=\"true\" aria-hidden=\"true\">\n\t\t\t\t<div class=\"label\">\n\t\t\t\t\t<label for=\"gwolle_gb_ad3a890c4d47b08ae723c7c87c386ea4-1\" class=\"text-primary\">Hier nichts eingeben<\/label>\n\t\t\t\t\t<label for=\"gwolle_gb_ba3ec8255e6c038d7819f8dbf703b3c0-1\" class=\"text-primary\">Hier nichts eingeben<\/label>\n\t\t\t\t<\/div>\n\t\t\t\t<div class=\"input\">\n\t\t\t\t\t<input value=\"52695\" type=\"text\" id=\"gwolle_gb_ad3a890c4d47b08ae723c7c87c386ea4-1\" name=\"gwolle_gb_ad3a890c4d47b08ae723c7c87c386ea4\" class=\"gwolle_gb_ad3a890c4d47b08ae723c7c87c386ea4\" style=\"transform: translateY(10000px);\" \/>\n\t\t\t\t\t<input value=\"52695\" type=\"text\"id=\"gwolle_gb_ba3ec8255e6c038d7819f8dbf703b3c0-1\" name=\"gwolle_gb_ba3ec8255e6c038d7819f8dbf703b3c0\" class=\"gwolle_gb_ba3ec8255e6c038d7819f8dbf703b3c0\" style=\"transform: translateY(10000px);\" \/>\n\t\t\t\t<\/div>\n\t\t\t\t<div class=\"clearBoth\"><\/div>\n\t\t\t<\/div><div class=\"gwolle_gb_content\">\n\t\t\t\t<div class=\"label\"><label for=\"gwolle_gb_content-1\" class=\"text-info\">G\u00e4stebucheintrag <span class=\"required\">*<\/span><\/label><\/div>\n\t\t\t\t<div class=\"input\"><textarea id=\"gwolle_gb_content-1\" name=\"gwolle_gb_content\" class=\"gwolle_gb_content wp-exclude-emoji\" required ><\/textarea><\/div>\n\t\t\t\t\t<div class=\"clearBoth\">&nbsp;<\/div>\n\t\t\t\t<\/div><input type=\"hidden\" class=\"gwolle_gb_30fbb827610f6c9935164c62cae3b0ba\" id=\"gwolle_gb_30fbb827610f6c9935164c62cae3b0ba-1\" name=\"gwolle_gb_30fbb827610f6c9935164c62cae3b0ba\" value=\"bfef1b6775\" \/>\n\t\t\t<div class=\"gwolle-gb-messages-bottom-container\"><\/div>\n\n\t\t\t<noscript><div class=\"no-js\">Warnung: Dieses Formular kann nur verwendet werden, wenn in deinem Browser JavaScript aktiviert ist.<\/div><\/noscript>\n\n\t\t\t<div class=\"gwolle_gb_submit gwolle-gb-submit\">\n\t\t\t\t<div class=\"label gwolle-gb-invisible text-muted\">&nbsp;<\/div>\n\t\t\t\t<div class=\"input\">\n\t\t\t\t\t<input type=\"submit\" name=\"gwolle_gb_submit\" class=\"gwolle_gb_submit button btn btn-primary \" value=\"Absenden\" \/>\n\t\t\t\t\t<span class=\"gwolle_gb_submit_ajax_icon gwolle-gb-submit-ajax-icon\"><\/span>\n\t\t\t\n\t\t\t\t<\/div>\n\t\t\t\t<div class=\"clearBoth\">&nbsp;<\/div>\n\t\t\t<\/div>\n\n\t\t\t<div class=\"gwolle_gb_notice gwolle-gb-notice\">\n\t\t\t\t<br \/>\nMit * gekennzeichnete Felder sind erforderlich.<br \/>\nDeine E-Mail-Adresse wird nicht ver\u00f6ffentlicht.<br \/>\nEs ist m\u00f6glich, dass dein Eintrag im G\u00e4stebuch erst sichtbar ist, nachdem wir ihn \u00fcberpr\u00fcft haben.<br \/>\nWir behalten uns vor, Eintr\u00e4ge zu bearbeiten, zu l\u00f6schen oder nicht zu ver\u00f6ffentlichen.<br \/>\n\n\t\t\t<\/div><\/form><div class=\"gwolle-gb-read gwolle-gb-ajax gwolle-gb-entries-list\" data-book_id=\"1\" data-page_id=\"1\">\n\t\t<div id=\"gwolle-gb-total\" class=\"gwolle-gb-total\">10 Eintr\u00e4ge<\/div><!-- Gwolle-GB Entry: Default Template Loaded -->\n\t\t\t\t<div class=\"gb-entry gb-entry_14 gb-entry-count_1 gwolle-gb-uneven gwolle-gb-first\" id=\"gb-entry_14\" data-entry_id=\"14\">\n\t\t\t\t<article>\n\t\t\t\t\t<div class=\"gb-author-info\">\n\t\t\t\t\t\t<span class=\"gb-author-avatar\"><img referrerpolicy=\"no-referrer\" alt='Alina' src='https:\/\/secure.gravatar.com\/avatar\/2fd5bcec48fead9720c5144af5799e28c0158b18c4aafc7e2835776c4ff90430?s=32&#038;d=monsterid&#038;r=g' srcset='https:\/\/secure.gravatar.com\/avatar\/2fd5bcec48fead9720c5144af5799e28c0158b18c4aafc7e2835776c4ff90430?s=64&#038;d=monsterid&#038;r=g 2x' class='avatar avatar-32 photo' height='32' width='32' \/><\/span>\n\t\t\t\t\t\t<span class=\"gb-author-name\"><a href=\"https:\/\/www.pinterest.com\/alinaflame\/\" target=\"_blank\" rel=\"nofollow noopener noreferrer\"\n\t\t\t\t\t\t\ttitle=\"Besuche die Website von Alina: https:\/\/www.pinterest.com\/alinaflame\/\">Alina<\/a>\n\t\t\t\t\t\t<\/span>\n\t\t\t\t\t\t<span class=\"gb-datetime\">\n\t\t\t\t\t\t\t<span class=\"gb-date\"><span class=\"gb-date-wrote-text\"> schrieb am<\/span><span class=\"gb-date-text\"> M\u00e4rz 18, 2026<\/span>\n\t\t\t\t\t\t\t<\/span><span class=\"gb-time\">\n\t\t\t\t\t\t\t\t\t<span class=\"gb-time-at-text\"> um<\/span>\n\t\t\t\t\t\t\t\t\t<span class=\"gb-time-text\"> 7:03 p.m.<\/span>\n\t\t\t\t\t\t\t\t<\/span>\n\t\t\t\t\t\t<\/span> \n\t\t\t\t\t<\/div>\n\t\t\t\t\t<div class=\"gb-entry-content\">Tolle Webseite! Danke f\u00fcr die Infos\n\t\t\t\t\t<\/div>\n\t\t\t\t<\/article>\n\t\t\t<\/div>\n\t\t\t<div class=\"gb-entry gb-entry_13 gb-entry-count_2 gwolle-gb-even\" id=\"gb-entry_13\" data-entry_id=\"13\">\n\t\t\t\t<article>\n\t\t\t\t\t<div class=\"gb-author-info\">\n\t\t\t\t\t\t<span class=\"gb-author-avatar\"><img referrerpolicy=\"no-referrer\" alt='Markus Truog' src='https:\/\/secure.gravatar.com\/avatar\/f39f734c2c791ce76b89aa3a63c973617af785a4bf527640dc18960d0c6ecd17?s=32&#038;d=monsterid&#038;r=g' srcset='https:\/\/secure.gravatar.com\/avatar\/f39f734c2c791ce76b89aa3a63c973617af785a4bf527640dc18960d0c6ecd17?s=64&#038;d=monsterid&#038;r=g 2x' class='avatar avatar-32 photo' height='32' width='32' \/><\/span>\n\t\t\t\t\t\t<span class=\"gb-author-name\">Markus Truog\n\t\t\t\t\t\t<\/span>\n\t\t\t\t\t\t<span class=\"gb-author-origin\">\n\t\t\t\t\t\t\t<span class=\"gb-author-origin-from-text\"> aus<\/span>\n\t\t\t\t\t\t\t<span class=\"gb-author-origin-text\"> Ostermundigen (Schweiz)<\/span>\n\t\t\t\t\t\t<\/span>\n\t\t\t\t\t\t<span class=\"gb-datetime\">\n\t\t\t\t\t\t\t<span class=\"gb-date\"><span class=\"gb-date-wrote-text\"> schrieb am<\/span><span class=\"gb-date-text\"> Juni 13, 2025<\/span>\n\t\t\t\t\t\t\t<\/span><span class=\"gb-time\">\n\t\t\t\t\t\t\t\t\t<span class=\"gb-time-at-text\"> um<\/span>\n\t\t\t\t\t\t\t\t\t<span class=\"gb-time-text\"> 11:44 a.m.<\/span>\n\t\t\t\t\t\t\t\t<\/span>\n\t\t\t\t\t\t<\/span> \n\t\t\t\t\t<\/div>\n\t\t\t\t\t<div class=\"gb-entry-content\">Auch dieses Jahr verbrachten wir w\u00e4hrend unseres 2-w\u00f6chigen Pf\u00e4lzerurlaubs an mehreren Tagen nach Hunde-Spazierg\u00e4ngen im Wald viele gem\u00fctliche Stunden an diesem wundersch\u00f6nen Ort. Von den Speisen hat es uns der Wurstsalat mit Pommes so sehr angetan, dass wir ihn gleich an drei Tagen genossen. Aber auch die \u00fcbrigen Speisen und Getr\u00e4nke sind hervorragend zubereitet und preiswert. Ganz besonders loben meine Frau und ich die herzliche Gastfreundschaft, die wir bei jedem Besuch empfangen durften. Vielen, vielen Dank daf\u00fcr! Ganz bestimmt kommen wir auch beim n\u00e4chsten Urlaub wieder zu Euch! Liebe Gr\u00fcsse aus der Schweiz schicken Markus, Christina und Gero (der schwarze Hund).\n\t\t\t\t\t<\/div>\n\t\t\t\t<\/article>\n\t\t\t<\/div>\n\t\t\t<div class=\"gb-entry gb-entry_12 gb-entry-count_3 gwolle-gb-uneven\" id=\"gb-entry_12\" data-entry_id=\"12\">\n\t\t\t\t<article>\n\t\t\t\t\t<div class=\"gb-author-info\">\n\t\t\t\t\t\t<span class=\"gb-author-avatar\"><img referrerpolicy=\"no-referrer\" alt='Meyer' src='https:\/\/secure.gravatar.com\/avatar\/e1e2d176c346d9db83ae5bb497b79d5ebcb56e9b6983ababb7d4086c617cd5c2?s=32&#038;d=monsterid&#038;r=g' srcset='https:\/\/secure.gravatar.com\/avatar\/e1e2d176c346d9db83ae5bb497b79d5ebcb56e9b6983ababb7d4086c617cd5c2?s=64&#038;d=monsterid&#038;r=g 2x' class='avatar avatar-32 photo' height='32' width='32' \/><\/span>\n\t\t\t\t\t\t<span class=\"gb-author-name\">Meyer\n\t\t\t\t\t\t<\/span>\n\t\t\t\t\t\t<span class=\"gb-author-origin\">\n\t\t\t\t\t\t\t<span class=\"gb-author-origin-from-text\"> aus<\/span>\n\t\t\t\t\t\t\t<span class=\"gb-author-origin-text\"> Rodalben<\/span>\n\t\t\t\t\t\t<\/span>\n\t\t\t\t\t\t<span class=\"gb-datetime\">\n\t\t\t\t\t\t\t<span class=\"gb-date\"><span class=\"gb-date-wrote-text\"> schrieb am<\/span><span class=\"gb-date-text\"> Januar 9, 2024<\/span>\n\t\t\t\t\t\t\t<\/span><span class=\"gb-time\">\n\t\t\t\t\t\t\t\t\t<span class=\"gb-time-at-text\"> um<\/span>\n\t\t\t\t\t\t\t\t\t<span class=\"gb-time-text\"> 8:58 p.m.<\/span>\n\t\t\t\t\t\t\t\t<\/span>\n\t\t\t\t\t\t<\/span> \n\t\t\t\t\t<\/div>\n\t\t\t\t\t<div class=\"gb-entry-content\">Wir waren zwischen Weihnachten und Silvester 2023 im Forsthaus zu Gast. Als wir reingekommen sind, waren wir positiv \u00fcberrascht und wie verzaubert. Die Bedingung war sehr freundlich, das Bier nach einer Wanderung eine Wohltat und auch das Essen war hervorragend. Wir kommen im Sommer wieder und genie\u00dfen einen sch\u00f6nen Tag im Biergarten.\n\t\t\t\t\t<\/div>\n\t\t\t\t<\/article>\n\t\t\t<\/div>\n\t\t\t<div class=\"gb-entry gb-entry_11 gb-entry-count_4 gwolle-gb-even\" id=\"gb-entry_11\" data-entry_id=\"11\">\n\t\t\t\t<article>\n\t\t\t\t\t<div class=\"gb-author-info\">\n\t\t\t\t\t\t<span class=\"gb-author-avatar\"><img referrerpolicy=\"no-referrer\" alt='Matthias' src='https:\/\/secure.gravatar.com\/avatar\/920a8de66485aa076572957a03ca19ac566b20a9a0fd2e9bd162163535b4e547?s=32&#038;d=monsterid&#038;r=g' srcset='https:\/\/secure.gravatar.com\/avatar\/920a8de66485aa076572957a03ca19ac566b20a9a0fd2e9bd162163535b4e547?s=64&#038;d=monsterid&#038;r=g 2x' class='avatar avatar-32 photo' height='32' width='32' \/><\/span>\n\t\t\t\t\t\t<span class=\"gb-author-name\">Matthias\n\t\t\t\t\t\t<\/span>\n\t\t\t\t\t\t<span class=\"gb-author-origin\">\n\t\t\t\t\t\t\t<span class=\"gb-author-origin-from-text\"> aus<\/span>\n\t\t\t\t\t\t\t<span class=\"gb-author-origin-text\"> Neidenfels<\/span>\n\t\t\t\t\t\t<\/span>\n\t\t\t\t\t\t<span class=\"gb-datetime\">\n\t\t\t\t\t\t\t<span class=\"gb-date\"><span class=\"gb-date-wrote-text\"> schrieb am<\/span><span class=\"gb-date-text\"> September 17, 2023<\/span>\n\t\t\t\t\t\t\t<\/span><span class=\"gb-time\">\n\t\t\t\t\t\t\t\t\t<span class=\"gb-time-at-text\"> um<\/span>\n\t\t\t\t\t\t\t\t\t<span class=\"gb-time-text\"> 4:01 p.m.<\/span>\n\t\t\t\t\t\t\t\t<\/span>\n\t\t\t\t\t\t<\/span> \n\t\t\t\t\t<\/div>\n\t\t\t\t\t<div class=\"gb-entry-content\">Wann immer wir bei einer Radtour oder Wanderung vorbeikommen, machen wir einen Halt im Biergarten. Es ist wirklich sch\u00f6n hier. Das Essen ist spitze und bei einem guten Bier oder Schorle l\u00e4sst es sich sch\u00f6n dort verweilen. Ich kann es nur jedem empfehlen. \nBis zum n\u00e4chsten Mal.\n\t\t\t\t\t<\/div>\n\t\t\t\t<\/article>\n\t\t\t<\/div>\n\t\t\t<div class=\"gb-entry gb-entry_10 gb-entry-count_5 gwolle-gb-uneven\" id=\"gb-entry_10\" data-entry_id=\"10\">\n\t\t\t\t<article>\n\t\t\t\t\t<div class=\"gb-author-info\">\n\t\t\t\t\t\t<span class=\"gb-author-avatar\"><img referrerpolicy=\"no-referrer\" alt='Steini' src='https:\/\/secure.gravatar.com\/avatar\/4e8a1576b8943cd1c09a5215611bd7ddeb949be99f5498df78b00d4adfdcf321?s=32&#038;d=monsterid&#038;r=g' srcset='https:\/\/secure.gravatar.com\/avatar\/4e8a1576b8943cd1c09a5215611bd7ddeb949be99f5498df78b00d4adfdcf321?s=64&#038;d=monsterid&#038;r=g 2x' class='avatar avatar-32 photo' height='32' width='32' \/><\/span>\n\t\t\t\t\t\t<span class=\"gb-author-name\">Steini\n\t\t\t\t\t\t<\/span>\n\t\t\t\t\t\t<span class=\"gb-datetime\">\n\t\t\t\t\t\t\t<span class=\"gb-date\"><span class=\"gb-date-wrote-text\"> schrieb am<\/span><span class=\"gb-date-text\"> August 1, 2022<\/span>\n\t\t\t\t\t\t\t<\/span><span class=\"gb-time\">\n\t\t\t\t\t\t\t\t\t<span class=\"gb-time-at-text\"> um<\/span>\n\t\t\t\t\t\t\t\t\t<span class=\"gb-time-text\"> 9:53 a.m.<\/span>\n\t\t\t\t\t\t\t\t<\/span>\n\t\t\t\t\t\t<\/span> \n\t\t\t\t\t<\/div>\n\t\t\t\t\t<div class=\"gb-entry-content\">Ich habe das gut aufbereitete Angebot der Website liebend gern in Anspruch genommen. So bin ich am 31.07.2022 den auf der Website vorgeschlagenen 3 Burgen Rundweg gelaufen und habe anschlie\u00dfend das Forsthaus auf seine kulinarischen F\u00e4higkeiten getestet. Die Sitzgelegenheiten im weitl\u00e4ufigen U des Innenhofes waren zuvorkommend verteilt, sodass sich die G\u00e4ste nicht gegenseitig st\u00f6ren und ausreichend Sonnen- und Schattenpl\u00e4tze zur Verf\u00fcgung stehen. In entspannter und ruhiger Atmosph\u00e4re (trotz Stra\u00dfenkreuzung hinterm Haus) konnte von der freundlichen Bedienung, die \u00fcber Ihre Speisekarte bestens informiert war, das passende Gericht mit k\u00fchlem und erfrischendem Getr\u00e4nk genossen werden.  Auswahl an leckeren Speisen gab es auch reichlich inkl. Nachtisch. Ein gelungener Abschluss der netten Wanderung mit vollem Bauch und leckeren Getr\u00e4nken. Gerne komme ich wieder und lasse mich verw\u00f6hnen. Besonders angetan hat es mir, dass die Bednienung menschgeblieben ist, man nimmt sich Zeit f\u00fcr die G\u00e4ste und zerst\u00f6rt durch Hetze und Stress nicht die Entspannung der G\u00e4ste ohne diesen dabei lange Wartezeiten zuzumuten.\nVielen Dank f\u00fcr die sch\u00f6ne Zeit!\n\t\t\t\t\t<\/div>\n\t\t\t\t<\/article>\n\t\t\t<\/div>\n\t\t\t<div class=\"gb-entry gb-entry_9 gb-entry-count_6 gwolle-gb-even\" id=\"gb-entry_9\" data-entry_id=\"9\">\n\t\t\t\t<article>\n\t\t\t\t\t<div class=\"gb-author-info\">\n\t\t\t\t\t\t<span class=\"gb-author-avatar\"><img referrerpolicy=\"no-referrer\" alt='Rainer und Annette' src='https:\/\/secure.gravatar.com\/avatar\/948f48c1f8ab97a16168e26e74118fad171d8030fffe5195bcd7e7d62be94948?s=32&#038;d=monsterid&#038;r=g' srcset='https:\/\/secure.gravatar.com\/avatar\/948f48c1f8ab97a16168e26e74118fad171d8030fffe5195bcd7e7d62be94948?s=64&#038;d=monsterid&#038;r=g 2x' class='avatar avatar-32 photo' height='32' width='32' \/><\/span>\n\t\t\t\t\t\t<span class=\"gb-author-name\">Rainer und Annette\n\t\t\t\t\t\t<\/span>\n\t\t\t\t\t\t<span class=\"gb-author-origin\">\n\t\t\t\t\t\t\t<span class=\"gb-author-origin-from-text\"> aus<\/span>\n\t\t\t\t\t\t\t<span class=\"gb-author-origin-text\"> Speyer<\/span>\n\t\t\t\t\t\t<\/span>\n\t\t\t\t\t\t<span class=\"gb-datetime\">\n\t\t\t\t\t\t\t<span class=\"gb-date\"><span class=\"gb-date-wrote-text\"> schrieb am<\/span><span class=\"gb-date-text\"> Mai 29, 2022<\/span>\n\t\t\t\t\t\t\t<\/span><span class=\"gb-time\">\n\t\t\t\t\t\t\t\t\t<span class=\"gb-time-at-text\"> um<\/span>\n\t\t\t\t\t\t\t\t\t<span class=\"gb-time-text\"> 6:16 p.m.<\/span>\n\t\t\t\t\t\t\t\t<\/span>\n\t\t\t\t\t\t<\/span> \n\t\t\t\t\t<\/div>\n\t\t\t\t\t<div class=\"gb-entry-content\">Ziel unserer Sonntagswanderung war das Elmsteiner Tal; die sch\u00f6ne \u00dcberraschung dabei war die Einkehr ins Fortshaus Breitenstein, leckerer Apfelkuchen, frisch gezapftes Andechser Bier und ein sehr freundlicher Service. Und das heimelige Ambiente der Gaststube im Blockhaus. Ein Gehimtipp!\n\t\t\t\t\t<\/div>\n\t\t\t\t<\/article>\n\t\t\t<\/div>\n\t\t\t<div class=\"gb-entry gb-entry_6 gb-entry-count_7 gwolle-gb-uneven\" id=\"gb-entry_6\" data-entry_id=\"6\">\n\t\t\t\t<article>\n\t\t\t\t\t<div class=\"gb-author-info\">\n\t\t\t\t\t\t<span class=\"gb-author-avatar\"><img referrerpolicy=\"no-referrer\" alt='Gabi Neumann' src='https:\/\/secure.gravatar.com\/avatar\/f1811b46030a16d1c5c203b8590ffa59ebc9d62fedfc614a2a3fdf0626e3ecc9?s=32&#038;d=monsterid&#038;r=g' srcset='https:\/\/secure.gravatar.com\/avatar\/f1811b46030a16d1c5c203b8590ffa59ebc9d62fedfc614a2a3fdf0626e3ecc9?s=64&#038;d=monsterid&#038;r=g 2x' class='avatar avatar-32 photo' height='32' width='32' \/><\/span>\n\t\t\t\t\t\t<span class=\"gb-author-name\">Gabi Neumann\n\t\t\t\t\t\t<\/span>\n\t\t\t\t\t\t<span class=\"gb-author-origin\">\n\t\t\t\t\t\t\t<span class=\"gb-author-origin-from-text\"> aus<\/span>\n\t\t\t\t\t\t\t<span class=\"gb-author-origin-text\"> Heidelberg<\/span>\n\t\t\t\t\t\t<\/span>\n\t\t\t\t\t\t<span class=\"gb-datetime\">\n\t\t\t\t\t\t\t<span class=\"gb-date\"><span class=\"gb-date-wrote-text\"> schrieb am<\/span><span class=\"gb-date-text\"> Juni 7, 2020<\/span>\n\t\t\t\t\t\t\t<\/span><span class=\"gb-time\">\n\t\t\t\t\t\t\t\t\t<span class=\"gb-time-at-text\"> um<\/span>\n\t\t\t\t\t\t\t\t\t<span class=\"gb-time-text\"> 8:54 a.m.<\/span>\n\t\t\t\t\t\t\t\t<\/span>\n\t\t\t\t\t\t<\/span> \n\t\t\t\t\t<\/div>\n\t\t\t\t\t<div class=\"gb-entry-content\">Wir waren am 06.06.2020 im Forsthaus Breitenstein zu Gast und wurden sehr freundlich bewirtet und das trotz der schwierigen beh\u00f6rdlichen Auflagen. Das Essen war lecker. Das Forsthaus ist jederzeit einen Besuch wert. Danke f\u00fcr den sch\u00f6nen Tag\n\t\t\t\t\t<\/div>\n\t\t\t\t<\/article>\n\t\t\t<\/div>\n\t\t\t<div class=\"gb-entry gb-entry_5 gb-entry-count_8 gwolle-gb-even\" id=\"gb-entry_5\" data-entry_id=\"5\">\n\t\t\t\t<article>\n\t\t\t\t\t<div class=\"gb-author-info\">\n\t\t\t\t\t\t<span class=\"gb-author-avatar\"><img referrerpolicy=\"no-referrer\" alt='Schmitz' src='https:\/\/secure.gravatar.com\/avatar\/1bef5b60f80bf9d1e1870a87b390c3f6e9d288ac2e8879d999c92e9eb1081b03?s=32&#038;d=monsterid&#038;r=g' srcset='https:\/\/secure.gravatar.com\/avatar\/1bef5b60f80bf9d1e1870a87b390c3f6e9d288ac2e8879d999c92e9eb1081b03?s=64&#038;d=monsterid&#038;r=g 2x' class='avatar avatar-32 photo' height='32' width='32' \/><\/span>\n\t\t\t\t\t\t<span class=\"gb-author-name\">Schmitz\n\t\t\t\t\t\t<\/span>\n\t\t\t\t\t\t<span class=\"gb-author-origin\">\n\t\t\t\t\t\t\t<span class=\"gb-author-origin-from-text\"> aus<\/span>\n\t\t\t\t\t\t\t<span class=\"gb-author-origin-text\"> Essen<\/span>\n\t\t\t\t\t\t<\/span>\n\t\t\t\t\t\t<span class=\"gb-datetime\">\n\t\t\t\t\t\t\t<span class=\"gb-date\"><span class=\"gb-date-wrote-text\"> schrieb am<\/span><span class=\"gb-date-text\"> September 6, 2019<\/span>\n\t\t\t\t\t\t\t<\/span><span class=\"gb-time\">\n\t\t\t\t\t\t\t\t\t<span class=\"gb-time-at-text\"> um<\/span>\n\t\t\t\t\t\t\t\t\t<span class=\"gb-time-text\"> 5:22 p.m.<\/span>\n\t\t\t\t\t\t\t\t<\/span>\n\t\t\t\t\t\t<\/span> \n\t\t\t\t\t<\/div>\n\t\t\t\t\t<div class=\"gb-entry-content\">Haben heute einen sch\u00f6nen, sonnigen fr\u00fchen Abend im Biergarten mit sehr leckerem Essen genossen. Netter, freundlicher Service. Kommen gerne wieder.\n\t\t\t\t\t<\/div>\n\t\t\t\t<\/article>\n\t\t\t<\/div>\n\t\t\t<div class=\"gb-entry gb-entry_4 gb-entry-count_9 gwolle-gb-uneven admin-entry\" id=\"gb-entry_4\" data-entry_id=\"4\">\n\t\t\t\t<article>\n\t\t\t\t\t<div class=\"gb-author-info\">\n\t\t\t\t\t\t<span class=\"gb-author-avatar\"><img referrerpolicy=\"no-referrer\" alt='Fam. Salzmann' src='https:\/\/secure.gravatar.com\/avatar\/5b17da23c866487c5255036f11f525ae0211fbde89f4e0a9edcab247a9ed49c7?s=32&#038;d=monsterid&#038;r=g' srcset='https:\/\/secure.gravatar.com\/avatar\/5b17da23c866487c5255036f11f525ae0211fbde89f4e0a9edcab247a9ed49c7?s=64&#038;d=monsterid&#038;r=g 2x' class='avatar avatar-32 photo' height='32' width='32' \/><\/span>\n\t\t\t\t\t\t<span class=\"gb-author-name\"><i class=\"gb-moderator\">Fam. Salzmann<\/i>\n\t\t\t\t\t\t<\/span>\n\t\t\t\t\t\t<span class=\"gb-author-origin\">\n\t\t\t\t\t\t\t<span class=\"gb-author-origin-from-text\"> aus<\/span>\n\t\t\t\t\t\t\t<span class=\"gb-author-origin-text\"> Kaiserslautern<\/span>\n\t\t\t\t\t\t<\/span>\n\t\t\t\t\t\t<span class=\"gb-datetime\">\n\t\t\t\t\t\t\t<span class=\"gb-date\"><span class=\"gb-date-wrote-text\"> schrieb am<\/span><span class=\"gb-date-text\"> April 12, 2019<\/span>\n\t\t\t\t\t\t\t<\/span><span class=\"gb-time\">\n\t\t\t\t\t\t\t\t\t<span class=\"gb-time-at-text\"> um<\/span>\n\t\t\t\t\t\t\t\t\t<span class=\"gb-time-text\"> 12:42 p.m.<\/span>\n\t\t\t\t\t\t\t\t<\/span>\n\t\t\t\t\t\t<\/span> \n\t\t\t\t\t<\/div>\n\t\t\t\t\t<div class=\"gb-entry-content\">Das Essen war super und die Preise gerechtfertigt, dar\u00fcber hinaus sehr freundliches Personal. Weiterhin fanden wir die Auswahl an Weinen und vor allem das dunkle Andechser Bier sehr lecker. \ud83d\ude09\r\nBis zum n\u00e4chsten Mal. \r\n\r\nViele Gr\u00fc\u00dfe Fam. Salzmann\n\t\t\t\t\t<\/div>\n\t\t\t\t<\/article>\n\t\t\t<\/div>\n\t\t\t<div class=\"gb-entry gb-entry_1 gb-entry-count_10 gwolle-gb-even admin-entry\" id=\"gb-entry_1\" data-entry_id=\"1\">\n\t\t\t\t<article>\n\t\t\t\t\t<div class=\"gb-author-info\">\n\t\t\t\t\t\t<span class=\"gb-author-avatar\"><img referrerpolicy=\"no-referrer\" alt='Thomas Siegrist' src='https:\/\/secure.gravatar.com\/avatar\/a42e6b6016d03ab5fd4578f5b045d8d55bc4b66a7ebba100ac96a8c2feb41290?s=32&#038;d=monsterid&#038;r=g' srcset='https:\/\/secure.gravatar.com\/avatar\/a42e6b6016d03ab5fd4578f5b045d8d55bc4b66a7ebba100ac96a8c2feb41290?s=64&#038;d=monsterid&#038;r=g 2x' class='avatar avatar-32 photo' height='32' width='32' \/><\/span>\n\t\t\t\t\t\t<span class=\"gb-author-name\"><a href=\"https:\/\/www.it-suw.de\" target=\"_blank\" rel=\"nofollow noopener noreferrer\"\n\t\t\t\t\t\t\ttitle=\"Besuche die Website von Thomas Siegrist: https:\/\/www.it-suw.de\"><i class=\"gb-moderator\">Thomas Siegrist<\/i><\/a>\n\t\t\t\t\t\t<\/span>\n\t\t\t\t\t\t<span class=\"gb-author-origin\">\n\t\t\t\t\t\t\t<span class=\"gb-author-origin-from-text\"> aus<\/span>\n\t\t\t\t\t\t\t<span class=\"gb-author-origin-text\"> Hainfeld<\/span>\n\t\t\t\t\t\t<\/span>\n\t\t\t\t\t\t<span class=\"gb-datetime\">\n\t\t\t\t\t\t\t<span class=\"gb-date\"><span class=\"gb-date-wrote-text\"> schrieb am<\/span><span class=\"gb-date-text\"> April 9, 2019<\/span>\n\t\t\t\t\t\t\t<\/span><span class=\"gb-time\">\n\t\t\t\t\t\t\t\t\t<span class=\"gb-time-at-text\"> um<\/span>\n\t\t\t\t\t\t\t\t\t<span class=\"gb-time-text\"> 6:24 p.m.<\/span>\n\t\t\t\t\t\t\t\t<\/span>\n\t\t\t\t\t\t<\/span> \n\t\t\t\t\t<\/div>\n\t\t\t\t\t<div class=\"gb-entry-content\">Danke f\u00fcr das gute Essen und den netten Nachmittag. Wir kommen gerne wieder!\n\t\t\t\t\t<\/div>\n\t\t\t\t<\/article>\n\t\t\t<\/div>\n\t\t\t<\/div><\/div>\n","protected":false},"excerpt":{"rendered":"","protected":false},"author":2,"featured_media":0,"parent":0,"menu_order":0,"comment_status":"closed","ping_status":"closed","template":"","meta":{"footnotes":""},"class_list":["post-92","page","type-page","status-publish","hentry","post-preview"],"_links":{"self":[{"href":"https:\/\/forsthausbreitenstein.de\/index.php?rest_route=\/wp\/v2\/pages\/92","targetHints":{"allow":["GET"]}}],"collection":[{"href":"https:\/\/forsthausbreitenstein.de\/index.php?rest_route=\/wp\/v2\/pages"}],"about":[{"href":"https:\/\/forsthausbreitenstein.de\/index.php?rest_route=\/wp\/v2\/types\/page"}],"author":[{"embeddable":true,"href":"https:\/\/forsthausbreitenstein.de\/index.php?rest_route=\/wp\/v2\/users\/2"}],"replies":[{"embeddable":true,"href":"https:\/\/forsthausbreitenstein.de\/index.php?rest_route=%2Fwp%2Fv2%2Fcomments&post=92"}],"version-history":[{"count":1,"href":"https:\/\/forsthausbreitenstein.de\/index.php?rest_route=\/wp\/v2\/pages\/92\/revisions"}],"predecessor-version":[{"id":94,"href":"https:\/\/forsthausbreitenstein.de\/index.php?rest_route=\/wp\/v2\/pages\/92\/revisions\/94"}],"wp:attachment":[{"href":"https:\/\/forsthausbreitenstein.de\/index.php?rest_route=%2Fwp%2Fv2%2Fmedia&parent=92"}],"curies":[{"name":"wp","href":"https:\/\/api.w.org\/{rel}","templated":true}]}}